{"id":28,"date":"2019-08-07T23:07:20","date_gmt":"2019-08-07T21:07:20","guid":{"rendered":"http:\/\/kompetenzzentrum-kiek-in.de\/?page_id=28"},"modified":"2019-12-19T09:24:51","modified_gmt":"2019-12-19T08:24:51","slug":"datenschutzerklaerung","status":"publish","type":"page","link":"https:\/\/kompetenzzentrum-kiek-in.de\/?page_id=28","title":{"rendered":"Datenschutzerkl\u00e4rung"},"content":{"rendered":"\n<p>Verantwortlich im Sinne der Datenschutzgesetzes:<\/p>\n\n\n\n<p>KompetenzZentrum Kiek In gGmbH<br>Am Markt 7\/8<br>18311 Ribnitz-Damgarten<\/p>\n\n\n\n<p><strong>Erfassung von Daten<\/strong><\/p>\n\n\n\n<p>W\u00e4hrend Sie auf unsere Webseiten zugreifen, erfassen wir automatisch Daten von allgemeiner Natur. Diese Daten (Server-Logfiles) umfassen zum Beispiel die Art ihres Browsers, ihr Betriebssystem, den Domainnamen Ihres Internetanbieters sowie weitere \u00e4hnliche allgemeine Daten. Diese Daten sind absolut Personen unabh\u00e4ngig und werden genutzt, um Ihnen die Webseiten korrekt darzustellen und werden bei jeder Nutzung des Internets abgerufen. Die absolut anonymen Daten werden statistisch ausgewertet um unseren Service f\u00fcr Sie zu verbessern.<\/p>\n\n\n\n<p><strong>Kontaktformular<\/strong><\/p>\n\n\n\n<p>Wenn Sie uns \u00fcber unsere Kontaktseite kontaktieren oder uns eine E-Mail schicken werden die entsprechenden Daten zur Bearbeitung gespeichert.<\/p>\n\n\n\n<p><strong>L\u00f6schung oder Sperrung von Daten<\/strong><\/p>\n\n\n\n<p>Ihre pers\u00f6nlichen Daten werden nur so lange gespeichert, wie dies absolut notwendig ist um die angegebenen Dienste zu leisten und es vom Gesetz vorgeschrieben ist. Nach Ablauf dieser Fristen werden die pers\u00f6nlichen Daten der Nutzer regelm\u00e4\u00dfig gesperrt oder gel\u00f6scht.<\/p>\n\n\n\n<p><strong>Cookies<\/strong><\/p>\n\n\n\n<p>Unsere Webseite verwendet \u201eCookies\u201c. Cookies sind Textdateien, die vom Server einer Webseite auf Ihren Rechner \u00fcbertragen werden. Bestimmte Daten wie IP-Adresse, Browser, Betriebssystem und Internet Verbindung werden dabei \u00fcbertragen.<\/p>\n\n\n\n<p>Cookies starten keine Programme und \u00fcbertragen keine Viren. Die durch Cookies gesammelten Informationen dienen dazu, Ihnen die Navigation zu erleichtern und die Anzeige unserer Webseiten zu optimieren.<\/p>\n\n\n\n<p>Daten, die von uns erfasst werden, werden niemals ohne Ihre Einwilligung an Daten an Dritte weitergegeben oder mit personenbezogenen Daten verkn\u00fcpft.<\/p>\n\n\n\n<p>Die Verwendung von Cookies kann \u00fcber Einstellungen in ihrem Browser verhindert werden. In den Erl\u00e4uterungen zu Ihrem Internetbrowsers finden Sie Informationen dar\u00fcber, wie man diese Einstellungen ver\u00e4ndern kann. Einzelne Funktionen unserer Website k\u00f6nnen unter Umst\u00e4nden nicht richtig funktionieren, wenn die Verwendung von Cookies desaktiviert ist.<\/p>\n\n\n\n<p><strong>Skalierbares Zentrales Messverfahren<\/strong><\/p>\n\n\n\n<p>F\u00fcr die Sammlung statistischer Kennwerte \u00fcber die Nutzung unserer Dienste nutzen wir das \u201eSkalierbare Zentrale Messverfahren\u201c (SZM) der INFOnline GmbH http:\/\/www.infonline.de)<\/p>\n\n\n\n<p>Dieses Verfahren erhebt anonyme Messwerte. Die SZM- Reichweitenmessung verwendet zur Wiedererkennung von Computersystemen entweder einen Cookie mit der Kennung \u201eioam.de\u201c, \u201eivwbox.de\u201c, ein LocalStorage Objekt oder eine Signatur, die aus verschiedenen \u00fcbertragenen Informationen Ihres Web-Browsers erstellt wird. IP-Adressen werden in anonymisierter Form genutzt.<\/p>\n\n\n\n<p>Bei der Reichweitenmessung wird der Datenschutz stets ber\u00fccksichtigt. Diese ermittelt statistisch die Nutzungsintensit\u00e4t und die Zahl der Nutzer einer Website. Dabei werden einzelne Nutzer nicht erkannt, die Identit\u00e4t bleibt stets gesch\u00fctzt. Das System versendet keine Werbung.<\/p>\n\n\n\n<p>Web-Angebote, die zur Informationsgemeinschaft zur Feststellung der Verbreitung von Werbetr\u00e4gern e.V. (IVW \u2013 http:\/\/www.ivw.eu) geh\u00f6ren oder an der Studie \u201einternet facts\u201c der Arbeitsgemeinschaft Online-Forschung e.V. (AGOF \u2013 www.agof.de) teilnehmen, werden die Nutzungsstatistiken monatlich von der AGOF und der Arbeitsgemeinschaft Media-Analyse e.V. (ag.ma \u2013 www.agma-mmc.de), sowie der IVW ver\u00f6ffentlicht und k\u00f6nnen unter http:\/\/www.agof.de, http:\/\/www.agma-mmc.de und http:\/\/www.ivw.eu eingesehen werden,&nbsp;<a href=\"https:\/\/bayerwaldurlaub-freyung.de\" target=\"_blank\" rel=\"noreferrer noopener\">klick hier<\/a>. die IVW \u00fcberpr\u00fcft das SZM-Verfahren regelm\u00e4\u00dfig im Hinblick auf eine regel- und datenschutzkonforme Nutzung, au\u00dferdem werden die Messdaten ver\u00f6ffentlicht.<\/p>\n\n\n\n<p>Die Website der INFOnline GmbH https:\/\/www.infonline.de), die Datenschutzwebsite der AGOF (http:\/\/www.agof.de\/datenschutz) und die Datenschutzwebsite der IVW (http:\/\/www.ivw.eu) bieten detaillierte Informationen zum SZM-Verfahren.<\/p>\n\n\n\n<p>Sollten Sie der Datenverarbeitung durch das SZM nicht entsprechen, k\u00f6nnen Sie dies unter den folgenden Links kundtun: http:\/\/optout.ioam.de und http:\/\/optout.ivwbox.de<\/p>\n\n\n\n<p><strong>Auskunft, Berichtigung, Sperre, L\u00f6schung und Widerspruch<\/strong><\/p>\n\n\n\n<p>Sie k\u00f6nnen zu jedem Zeitpunkt Informationen \u00fcber Ihre bei uns gespeicherten Daten erbitten. Diese k\u00f6nnen auch berichtigt, gesperrt oder, sofern die vorgeschriebene Zeitr\u00e4ume der Datenspeicherung zur Gesch\u00e4ftsabwicklung abgelaufen sind, gel\u00f6scht werden. Unser Datenschutzmitarbeiter hilft Ihnen bei allen entsprechenden Fragen. Seine Kontaktdaten finden Sie weiter unten.<\/p>\n\n\n\n<p>Gesperrte Daten werden in einer speziellen Sperrdatei zu Kontrollzwecken verwahrt. Wenn die gesetzliche Archivierungsverpflichtung abgelaufen ist k\u00f6nnen Sie auch die L\u00f6schung der Daten verlangen. Innerhalb der Archivierungsverpflichtung k\u00f6nnen wir Ihre Daten auf Wunsch sperren.<\/p>\n\n\n\n<p>\u00c4nderungen oder Widerruf von Einwilligungen k\u00f6nnen durch eine Mitteilung an uns vorgenommen werden. Dies ist auch f\u00fcr zuk\u00fcnftige Aktionen m\u00f6glich.<\/p>\n\n\n\n<p><strong>\u00c4nderung der Datenschutzbestimmungen<\/strong><\/p>\n\n\n\n<p>Unsere Datenschutzerkl\u00e4rung k\u00f6nnen in unregelm\u00e4\u00dfigen Abst\u00e4nden angepasst werden, damit sie den aktuellen rechtlichen Anforderungen entsprechen oder um \u00c4nderungen unserer Dienstleistungen umzusetzen, z. B. bei der Einf\u00fcgung neuer Angebote. F\u00fcr Ihren n\u00e4chsten Besuch gilt dann automatisch die neue Datenschutzerkl\u00e4rung.<\/p>\n\n\n\n<p><strong>Kontakt zum Datenschutzmitarbeiter<\/strong><\/p>\n\n\n\n<p>F\u00fcr Fragen zum Datenschutz schicken Sie uns bitte eine Nachricht an info@kompetenzzentrum-kiek-in.de mit dem Betreff \u201eDatenschutz\u201c.<\/p>\n","protected":false},"excerpt":{"rendered":"<p>Verantwortlich im Sinne der Datenschutzgesetzes: KompetenzZentrum Kiek In gGmbHAm Markt 7\/818311 Ribnitz-Damgarten Erfassung von Daten W\u00e4hrend Sie auf unsere Webseiten zugreifen, erfassen wir automatisch Daten von allgemeiner Natur. Diese Daten (Server-Logfiles) umfassen zum Beispiel die Art ihres Browsers,&#8230; <a class=\"read-more\" href=\"https:\/\/kompetenzzentrum-kiek-in.de\/?page_id=28\">Mehr erfahren<\/a><\/p>\n","protected":false},"author":1,"featured_media":0,"parent":0,"menu_order":0,"comment_status":"closed","ping_status":"closed","template":"","meta":{"footnotes":""},"class_list":["post-28","page","type-page","status-publish","hentry","no-comments"],"_links":{"self":[{"href":"https:\/\/kompetenzzentrum-kiek-in.de\/index.php?rest_route=\/wp\/v2\/pages\/28","targetHints":{"allow":["GET"]}}],"collection":[{"href":"https:\/\/kompetenzzentrum-kiek-in.de\/index.php?rest_route=\/wp\/v2\/pages"}],"about":[{"href":"https:\/\/kompetenzzentrum-kiek-in.de\/index.php?rest_route=\/wp\/v2\/types\/page"}],"author":[{"embeddable":true,"href":"https:\/\/kompetenzzentrum-kiek-in.de\/index.php?rest_route=\/wp\/v2\/users\/1"}],"replies":[{"embeddable":true,"href":"https:\/\/kompetenzzentrum-kiek-in.de\/index.php?rest_route=%2Fwp%2Fv2%2Fcomments&post=28"}],"version-history":[{"count":2,"href":"https:\/\/kompetenzzentrum-kiek-in.de\/index.php?rest_route=\/wp\/v2\/pages\/28\/revisions"}],"predecessor-version":[{"id":63,"href":"https:\/\/kompetenzzentrum-kiek-in.de\/index.php?rest_route=\/wp\/v2\/pages\/28\/revisions\/63"}],"wp:attachment":[{"href":"https:\/\/kompetenzzentrum-kiek-in.de\/index.php?rest_route=%2Fwp%2Fv2%2Fmedia&parent=28"}],"curies":[{"name":"wp","href":"https:\/\/api.w.org\/{rel}","templated":true}]}}