{"id":43,"date":"2019-10-14T23:57:32","date_gmt":"2019-10-14T21:57:32","guid":{"rendered":"https:\/\/kompetenzzentrum-kiek-in.de\/?page_id=43"},"modified":"2019-10-15T00:00:14","modified_gmt":"2019-10-14T22:00:14","slug":"ambulant-betreutes-wohnen","status":"publish","type":"page","link":"https:\/\/kompetenzzentrum-kiek-in.de\/?page_id=43","title":{"rendered":"Ambulant Betreutes Wohnen"},"content":{"rendered":"\n<p>Jeder hat das Recht auf ein normales, selbstbestimmtes Leben \u2013 auch Menschen mit einer psychischen Erkrankung oder einer Suchterkrankung. Doch genau diesem Personenkreis f\u00e4llt es oftmals schwer, ohne Unterst\u00fctzung Hilfe zu beantragen und die einzelnen Lebensbereiche eigenst\u00e4ndig zu organisieren. Wir bieten mit unserem Kompetenzzentrum Unterst\u00fctzung bei einem aktiven Leben in der Gesellschaft. Unsere Sozialmanufaktur f\u00fcr Tagesstruktur und Besch\u00e4ftigung und das Ambulant Unterst\u00fctzende Wohnen und viele weitere Angebote, erm\u00f6glichen es diesen Menschen, wieder einen Platz in unserer Gesellschaft zu finden.<br>\nWir sind ein multiprofessionelles Team und haben viele ereignisreiche Jahre hinter uns, haben unz\u00e4hlige Erfahrungen gemacht und m\u00f6chten mit unseren qualitativen und quantitativen Praxiserfahrungen individuelle Assistenzleistungen erm\u00f6glichen. Unsere Intention ist es, den Menschen ganzheitlich und klientenzentriert zu betrachten.<\/p>\n\n\n\n<p><strong>Was ist ABW?<\/strong><\/p>\n\n\n\n<p>Das Ambulant Betreute Wohnen ist ein Angebot f\u00fcr Menschen mit einer Suchterkrankung oder einer psychischen Erkrankung.<br>\nDas Angebot richtet sich an Menschen, die weitgehend selbstst\u00e4ndig und selbstbestimmt leben und wohnen m\u00f6chten, aber aufgrund ihrer Einschr\u00e4nkung Unterst\u00fctzung durch einen Tr\u00e4ger erhalten.<\/p>\n\n\n\n<p><strong>Unsere Leistungen im ABW:<\/strong><\/p>\n\n\n\n<p>\u2022 \u00dcberwindung, Milderung oder Verh\u00fctung von Verschlimmerungen der vorhandenen Erkrankungen\/Behinderungen und deren Folgen<br>\n\u2022 Psychische und physische Aktivierung und Stabilisierung zur Vermeidung des R\u00fcckfallrisikos<br>\n\u2022 Motivation zur Abstinenz<br>\n\u2022 Hilfe bei der Vermittlung in suchtspezifische Hilfsangebote<br>\n\u2022 F\u00f6rderung der Teilhabe am Leben in der Gemeinschaft \/Aufbau eines sozialen Netzwerkes<br>\n\u2022 Aktivierung von beruflichen F\u00e4higkeiten und Fertigkeiten zum Wiedereinstieg in einen beruflichen Alltag<br>\n\u2022 F\u00f6rderung von sinnvoller Tagestrukturierung und Freizeitgestaltung<br>\n\u2022 F\u00f6rderung der Selbstversorgungskompetenzen<br>\n\u2022 Hilfe bei der St\u00e4rkung von Eigenverantwortung<br>\n\u2022 Erweiterung der psychosozialen und kommunikativen Kompetenzen<br>\n\u2022 F\u00f6rderung der Selbstkompetenzen zu einem von Betreuung unabh\u00e4ngigen selbstst\u00e4ndigen und suchtmittelfreien Leben<\/p>\n\n\n\n<p>Welche Hilfen erbracht werden sollen und in welchem Umfang diese notwendig sind, wird individuell in einem Hilfeplangespr\u00e4ch vereinbart.<\/p>\n\n\n\n<p><strong>Finanzierung<\/strong><\/p>\n\n\n\n<p>Die Kosten werden vom zust\u00e4ndigen Kostentr\u00e4ger \u00fcbernommen. Es wird das Einkommen und das Verm\u00f6gen zugrunde gelegt. In den meisten Aufnahmen kommt es zu keiner Zuzahlung.<\/p>\n","protected":false},"excerpt":{"rendered":"<p>Jeder hat das Recht auf ein normales, selbstbestimmtes Leben \u2013 auch Menschen mit einer psychischen Erkrankung oder einer Suchterkrankung. Doch genau diesem Personenkreis f\u00e4llt es oftmals schwer, ohne Unterst\u00fctzung Hilfe zu beantragen und die einzelnen Lebensbereiche eigenst\u00e4ndig zu&#8230; <a class=\"read-more\" href=\"https:\/\/kompetenzzentrum-kiek-in.de\/?page_id=43\">Mehr erfahren<\/a><\/p>\n","protected":false},"author":1,"featured_media":0,"parent":0,"menu_order":0,"comment_status":"closed","ping_status":"closed","template":"","meta":{"footnotes":""},"class_list":["post-43","page","type-page","status-publish","hentry","no-comments"],"_links":{"self":[{"href":"https:\/\/kompetenzzentrum-kiek-in.de\/index.php?rest_route=\/wp\/v2\/pages\/43","targetHints":{"allow":["GET"]}}],"collection":[{"href":"https:\/\/kompetenzzentrum-kiek-in.de\/index.php?rest_route=\/wp\/v2\/pages"}],"about":[{"href":"https:\/\/kompetenzzentrum-kiek-in.de\/index.php?rest_route=\/wp\/v2\/types\/page"}],"author":[{"embeddable":true,"href":"https:\/\/kompetenzzentrum-kiek-in.de\/index.php?rest_route=\/wp\/v2\/users\/1"}],"replies":[{"embeddable":true,"href":"https:\/\/kompetenzzentrum-kiek-in.de\/index.php?rest_route=%2Fwp%2Fv2%2Fcomments&post=43"}],"version-history":[{"count":2,"href":"https:\/\/kompetenzzentrum-kiek-in.de\/index.php?rest_route=\/wp\/v2\/pages\/43\/revisions"}],"predecessor-version":[{"id":46,"href":"https:\/\/kompetenzzentrum-kiek-in.de\/index.php?rest_route=\/wp\/v2\/pages\/43\/revisions\/46"}],"wp:attachment":[{"href":"https:\/\/kompetenzzentrum-kiek-in.de\/index.php?rest_route=%2Fwp%2Fv2%2Fmedia&parent=43"}],"curies":[{"name":"wp","href":"https:\/\/api.w.org\/{rel}","templated":true}]}}