{"id":48,"date":"2019-10-15T00:04:01","date_gmt":"2019-10-14T22:04:01","guid":{"rendered":"https:\/\/kompetenzzentrum-kiek-in.de\/?page_id=48"},"modified":"2019-10-15T00:04:01","modified_gmt":"2019-10-14T22:04:01","slug":"ueber-uns","status":"publish","type":"page","link":"https:\/\/kompetenzzentrum-kiek-in.de\/?page_id=48","title":{"rendered":"\u00dcber uns"},"content":{"rendered":"\n<p>Jeder hat das Recht auf ein normales, selbstbestimmtes Leben \u2013 auch Menschen mit einer psychischen Erkrankung oder einer Suchterkrankung. Doch genau diesem Personenkreis f\u00e4llt es oftmals schwer, ohne Unterst\u00fctzung Hilfe zu beantragen und die einzelnen Lebensbereiche eigenst\u00e4ndig zu organisieren. <\/p>\n\n\n\n<p>Wir bieten mit unserem Kompetenzzentrum Unterst\u00fctzung bei einem aktiven Leben in der Gesellschaft. Unsere Sozialmanufaktur f\u00fcr Tagesstruktur und Besch\u00e4ftigung und das Ambulant Unterst\u00fctzende Wohnen und viele weitere Angebote, erm\u00f6glichen es diesen Menschen, wieder einen Platz in unserer Gesellschaft zu finden. <\/p>\n\n\n\n<p>Wir sind ein multiprofessionelles Team und haben viele ereignisreiche Jahre hinter uns, haben unz\u00e4hlige Erfahrungen gemacht und m\u00f6chten mit unseren qualitativen und quantitativen Praxiserfahrungen individuelle Assistenzleistungen erm\u00f6glichen. Unsere Intention ist es, den Menschen ganzheitlich und klientenzentriert zu betrachten. <\/p>\n","protected":false},"excerpt":{"rendered":"<p>Jeder hat das Recht auf ein normales, selbstbestimmtes Leben \u2013 auch Menschen mit einer psychischen Erkrankung oder einer Suchterkrankung. Doch genau diesem Personenkreis f\u00e4llt es oftmals schwer, ohne Unterst\u00fctzung Hilfe zu beantragen und die einzelnen Lebensbereiche eigenst\u00e4ndig zu&#8230; <a class=\"read-more\" href=\"https:\/\/kompetenzzentrum-kiek-in.de\/?page_id=48\">Mehr erfahren<\/a><\/p>\n","protected":false},"author":1,"featured_media":0,"parent":0,"menu_order":0,"comment_status":"closed","ping_status":"closed","template":"","meta":{"footnotes":""},"class_list":["post-48","page","type-page","status-publish","hentry","no-comments"],"_links":{"self":[{"href":"https:\/\/kompetenzzentrum-kiek-in.de\/index.php?rest_route=\/wp\/v2\/pages\/48","targetHints":{"allow":["GET"]}}],"collection":[{"href":"https:\/\/kompetenzzentrum-kiek-in.de\/index.php?rest_route=\/wp\/v2\/pages"}],"about":[{"href":"https:\/\/kompetenzzentrum-kiek-in.de\/index.php?rest_route=\/wp\/v2\/types\/page"}],"author":[{"embeddable":true,"href":"https:\/\/kompetenzzentrum-kiek-in.de\/index.php?rest_route=\/wp\/v2\/users\/1"}],"replies":[{"embeddable":true,"href":"https:\/\/kompetenzzentrum-kiek-in.de\/index.php?rest_route=%2Fwp%2Fv2%2Fcomments&post=48"}],"version-history":[{"count":1,"href":"https:\/\/kompetenzzentrum-kiek-in.de\/index.php?rest_route=\/wp\/v2\/pages\/48\/revisions"}],"predecessor-version":[{"id":49,"href":"https:\/\/kompetenzzentrum-kiek-in.de\/index.php?rest_route=\/wp\/v2\/pages\/48\/revisions\/49"}],"wp:attachment":[{"href":"https:\/\/kompetenzzentrum-kiek-in.de\/index.php?rest_route=%2Fwp%2Fv2%2Fmedia&parent=48"}],"curies":[{"name":"wp","href":"https:\/\/api.w.org\/{rel}","templated":true}]}}